{"id":20,"date":"2025-10-28T05:52:40","date_gmt":"2025-10-28T05:52:40","guid":{"rendered":"https:\/\/serviceforpeace.be\/memorandum\/"},"modified":"2025-11-06T11:21:34","modified_gmt":"2025-11-06T11:21:34","slug":"memorandum","status":"publish","type":"page","link":"https:\/\/serviceforpeace.be\/fr\/memorandum\/","title":{"rendered":"Memorandum"},"content":{"rendered":"<p><strong>Introduction<\/strong><br>Depuis plusieurs ann\u00e9es, l\u2019Europe est marqu\u00e9e par une mont\u00e9e des tensions g\u00e9opolitiques\u2009: l\u2019invasion de l\u2019Ukraine par la Russie, la multiplication des conflits arm\u00e9s aux fronti\u00e8res de l\u2019Union europ\u00e9enne et la rivalit\u00e9 croissante entre grandes puissances, aliment\u00e9e par les USA.<br>Ces \u00e9v\u00e9nements nourrissent un climat d\u2019ins\u00e9curit\u00e9 r\u00e9elle, que certain\u00b7ne\u00b7s responsables politiques et institutions internationales traduisent d\u00e9sormais dans un discours et des politiques concr\u00e8tes et syst\u00e9matiques de militarisation ; au lieu d\u2019investir dans une approche volontariste, plus efficace et largement moins co\u00fbteuse, fond\u00e9e sur la diplomatie, la d\u00e9sescalade et la coop\u00e9ration.<br>Les \u00c9tats membres de l\u2019OTAN, sous impulsion \u00e9tasunienne, se sont engag\u00e9s \u00e0 la fin juin 2025 \u00e0 consacrer jusqu\u2019\u00e0 5\u2009% de leur PIB aux d\u00e9penses militaires, soit des sommes colossales qui d\u00e9tournent les ressources essentielles pour r\u00e9pondre aux autres urgences collectives\u2009: la crise sociale, l\u2019explosion des in\u00e9galit\u00e9s, la pr\u00e9carit\u00e9 grandissante d\u2019une partie de la jeunesse, ou la crise climatique dont les impacts s\u2019aggravent chaque ann\u00e9e.<br>Dans un monde o\u00f9 les conflits persistent et o\u00f9 notre s\u00e9curit\u00e9 et nos libert\u00e9s fondamentales sont parfois r\u00e9ellement menac\u00e9es, une strat\u00e9gie europ\u00e9enne de d\u00e9fense coh\u00e9rente s\u2019impose.A ce sujet, la culture de la paix et de la coop\u00e9ration internationale perd du terrain au profit d\u2019une vision s\u00e9curitaire et militariste d\u00e9sormais pr\u00e9sent\u00e9e comme la seule r\u00e9ponse possible. Cette orientation est particuli\u00e8rement pr\u00e9occupante lorsqu\u2019elle cible prioritairement la jeunesse.<br>Une g\u00e9n\u00e9ration d\u00e9j\u00e0 fragilis\u00e9e par la pr\u00e9carit\u00e9, les in\u00e9galit\u00e9s et l\u2019urgence climatique, \u00e0 qui l\u2019on propose d\u00e9sormais de trouver un sens \u00e0 travers l\u2019engagement militaire, au lieu de renforcer les alternatives civiques.<br>Face \u00e0 cette vision du gouvernement, il est plus que jamais urgent de d\u00e9fendre la culture de la paix et de la diplomatie, en faisant honneur \u00e0 notre devoir de m\u00e9moire, et de rappeler que la s\u00e9curit\u00e9 humaine se construit d\u2019abord par la justice sociale, l\u2019\u00e9ducation, la coop\u00e9ration et la paix.<\/p>\n\n\n\n<p><br><strong>Contexte<\/strong><br>Le gouvernement f\u00e9d\u00e9ral, via l\u2019accord de gouvernement Arizona, a annonc\u00e9 la mise en place d\u2019une nouvelle \u00ab culture pansoci\u00e9tale de la s\u00e9curit\u00e9 \u00bb visant notamment la jeunesse. Parmi les mesures pr\u00e9vues: <\/p>\n\n\n\n<p>(1) la cr\u00e9ation d\u2019un service militaire volontaire de 12 mois, destin\u00e9 aux jeunes d\u00e8s 18 ans ainsi que le d\u00e9veloppement d\u2019un cadre de r\u00e9serves militaire de 5000 soldats, (2) l\u2019intensification de la pr\u00e9sence de l\u2019arm\u00e9e dans l\u2019enseignement via l\u2019engagement de r\u00e9f\u00e9rents militaires dans les \u00e9coles et l\u2019\u00e9largissement des options \u00ab M\u00e9tiers de la s\u00e9curit\u00e9 \u00bb dans l\u2019enseignement secondaire sup\u00e9rieur, <br>(3) une communication strat\u00e9gique visant explicitement \u00e0 \u00ab am\u00e9liorer la perception qu\u2019a le public de la s\u00e9curit\u00e9 et de la d\u00e9fense \u00bb<\/p>\n\n\n\n<p><\/p>\n\n\n\n<p>Dans ce cadre, le ministre Theo Francken pr\u00e9voit, d\u00e8s novembre 2025, l\u2019envoi d\u2019un courrier \u00e0 130.000 jeunes de 17 ans belges et r\u00e9sidents europ\u00e9ens (ces europ\u00e9ens qui n\u2019ont pas le droit de vote au f\u00e9d\u00e9ral et au r\u00e9gional mais qui auront la possibilit\u00e9 de s\u2019enr\u00f4ler dans l\u2019arm\u00e9e belge) pour les inviter \u00e0 s\u2019inscrire \u00e0 ce service militaire volontaire. Malgr\u00e9 le nombre limit\u00e9 de places (d\u2019abord 500 puis 1000 d\u00e8s 2027), la promesse d\u2019un salaire \u00e9lev\u00e9 (2000 \u20ac nets) risque d\u2019exploiter la pr\u00e9carit\u00e9 des jeunes et de rendre le discours militariste socialement acceptable aupr\u00e8s d\u2019une g\u00e9n\u00e9ration en qu\u00eate de sens et de stabilit\u00e9 socio-\u00e9conomique.<br>La proposition de loi \u00ab relative \u00e0 l\u2019envoi d\u2019une lettre de sensibilisation aux enjeux s\u00e9curitaires modifi\u00e9s \u00bb, signale que ce courrier sera envoy\u00e9 par l\u2019arm\u00e9e belge, qui aura donc acc\u00e8s aux donn\u00e9es personnelles (qui plus est de personnes mineures) du registre national, contrairement \u00e0 ce que pr\u00e9voit la la Constitution belge. Cette lettre sera envoy\u00e9e chaque ann\u00e9e pendant 10 ans, avec une \u00e9valuation apr\u00e8s 6 ans. La proposition de loi inscrit ce service militaire dans la perspective de la cr\u00e9ation d\u2019une r\u00e9serve militaire, sans v\u00e9ritable d\u00e9bat public ni information pluraliste.<br>La proposition de loi se garde par contre bien de rappeler que les jeunes qui feront leur service militaire volontaire perdront leur statut \u00e9tudiant\u00b7e et n\u2019auront pas droit aux allocations familiales au moins pendant le temps du service. Ils et elles ne seront plus consid\u00e9r\u00e9\u00b7e\u00b7s comme \u00e9tant \u00e0 charge de leurs parents.<\/p>\n\n\n\n<p><strong>Action<\/strong><br>Nous d\u00e9non\u00e7ons les choix budg\u00e9taires du gouvernement qui pr\u00e9voient de d\u00e9penser massivement dans le militaire au d\u00e9triment des droits sociaux fondamentaux. La remise en question du syst\u00e8me des pensions, la flexibilisation accrue du travail et la r\u00e9duction des investissements dans les services publics, le manque de mesures contre le r\u00e9chauffement climatique sont autant de d\u00e9cisions injustes qui affaiblissent la solidarit\u00e9 et la justice sociale. Ces orientations sont en totale contradiction avec les valeurs que nous d\u00e9fendons : une soci\u00e9t\u00e9 fond\u00e9e sur la paix, la coh\u00e9sion sociale et le respect des droits.<br>Nous, organisations de jeunesse politiques progressistes, syndicales et citoyennes, exprimons notre inqui\u00e9tude face \u00e0 cette entreprise de normalisation progressive du r\u00e9flexe militaire dans la soci\u00e9t\u00e9, particuli\u00e8rement aupr\u00e8s des jeunes.<\/p>\n\n\n\n<p>Nous d\u00e9non\u00e7ons l\u2019instrumentalisation des difficult\u00e9s sociales des jeunes pour promouvoir une id\u00e9ologie militariste, au d\u00e9triment de leur \u00e9mancipation citoyenne, au d\u00e9triment d\u2019autres formes d\u2019engagement soci\u00e9tal, p\u00e9rennes et solidaires.<\/p>\n\n\n\n<p><br><strong>Nous appelons:<\/strong><\/p>\n\n\n\n<ul class=\"wp-block-list\">\n<li>Les jeunesses politiques, syndicales et citoyennes \u00e0 se mobiliser ensemble pour exiger un d\u00e9bat public transparent et contradictoire.<\/li>\n\n\n\n<li>Les pouvoirs publics \u00e0 garantir la pluralit\u00e9 des informations adress\u00e9es aux jeunes, notamment sur les alternatives civiques d\u2019engagement et les implications concr\u00e8tes \u00e0 court, moyen et long termes, d\u2019un engagement militaire.<\/li>\n\n\n\n<li>L\u2019ensemble des organisations de jeunesse \u00e0 s\u2019unir pour d\u00e9fendre un mod\u00e8le de soci\u00e9t\u00e9 bas\u00e9 sur la solidarit\u00e9, la paix et la d\u00e9mocratie, et non sur la logique de la militarisation permanente.<\/li>\n<\/ul>\n\n\n\n<p><\/p>","protected":false},"excerpt":{"rendered":"<p>InleidingEuropa wordt sinds enkele jaren geconfronteerd met toenemende geopolitieke spanningen: de invasie van Oekra\u00efne door Rusland, de toename van gewapende conflicten aan de grenzen van de Europese Unie, en de groeiende rivaliteit tussen grootmachten, aangewakkerd door de VS.Deze gebeurtenissen voeden een klimaat van re\u00eble onveiligheid, dat sommige politici en internationale instellingen omzetten in een systematisch [&hellip;]<\/p>","protected":false},"author":1,"featured_media":0,"parent":0,"menu_order":0,"comment_status":"closed","ping_status":"closed","template":"","meta":{"_uag_custom_page_level_css":"","footnotes":""},"class_list":["post-20","page","type-page","status-publish","hentry"],"rise-blocks_excerpt":"InleidingEuropa wordt sinds enkele jaren geconfronteerd met toenemende geopolitieke spanningen: de invasie van Oekra\u00efne door Rusland, de toename van gewapende conflicten aan de grenzen van de Europese Unie, en de groeiende rivaliteit tussen grootmachten, aangewakkerd door de VS.Deze gebeurtenissen voeden een klimaat van re\u00eble onveiligheid, dat sommige politici en internationale instellingen omzetten in een systematisch discours en concreet beleid van..","_hostinger_reach_plugin_has_subscription_block":false,"_hostinger_reach_plugin_is_elementor":false,"spectra_custom_meta":{"_edit_lock":["1774445728:5"],"_edit_last":["4"],"_uag_css_file_name":["uag-css-20.css"],"_uag_page_assets":["a:9:{s:3:\"css\";s:260:\".uag-blocks-common-selector{z-index:var(--z-index-desktop) !important}@media(max-width: 976px){.uag-blocks-common-selector{z-index:var(--z-index-tablet) !important}}@media(max-width: 767px){.uag-blocks-common-selector{z-index:var(--z-index-mobile) !important}}\";s:2:\"js\";s:0:\"\";s:18:\"current_block_list\";a:16:{i:0;s:10:\"core\/group\";i:4;s:14:\"core\/site-logo\";i:6;s:15:\"core\/navigation\";i:9;s:15:\"core\/post-title\";i:11;s:17:\"core\/post-content\";i:14;s:17:\"core\/social-links\";i:15;s:16:\"core\/social-link\";i:16;s:12:\"core\/heading\";i:17;s:14:\"core\/paragraph\";i:18;s:9:\"core\/list\";i:19;s:14:\"core\/list-item\";i:20;s:11:\"core\/search\";i:21;s:17:\"core\/latest-posts\";i:22;s:20:\"core\/latest-comments\";i:23;s:13:\"core\/archives\";i:24;s:15:\"core\/categories\";}s:8:\"uag_flag\";b:0;s:11:\"uag_version\";s:10:\"1777627327\";s:6:\"gfonts\";a:0:{}s:10:\"gfonts_url\";s:0:\"\";s:12:\"gfonts_files\";a:0:{}s:14:\"uag_faq_layout\";b:0;}"]},"uagb_featured_image_src":{"full":false,"thumbnail":false,"medium":false,"medium_large":false,"large":false,"1536x1536":false,"2048x2048":false,"trp-custom-language-flag":false},"uagb_author_info":{"display_name":"elias@minimalisticmarketing.com","author_link":"https:\/\/serviceforpeace.be\/fr\/author\/eliasminimalisticmarketing-com\/"},"uagb_comment_info":0,"uagb_excerpt":"InleidingEuropa wordt sinds enkele jaren geconfronteerd met toenemende geopolitieke spanningen: de invasie van Oekra\u00efne door Rusland, de toename van gewapende conflicten aan de grenzen van de Europese Unie, en de groeiende rivaliteit tussen grootmachten, aangewakkerd door de VS.Deze gebeurtenissen voeden een klimaat van re\u00eble onveiligheid, dat sommige politici en internationale instellingen omzetten in een systematisch&hellip;","_links":{"self":[{"href":"https:\/\/serviceforpeace.be\/fr\/wp-json\/wp\/v2\/pages\/20","targetHints":{"allow":["GET"]}}],"collection":[{"href":"https:\/\/serviceforpeace.be\/fr\/wp-json\/wp\/v2\/pages"}],"about":[{"href":"https:\/\/serviceforpeace.be\/fr\/wp-json\/wp\/v2\/types\/page"}],"author":[{"embeddable":true,"href":"https:\/\/serviceforpeace.be\/fr\/wp-json\/wp\/v2\/users\/1"}],"replies":[{"embeddable":true,"href":"https:\/\/serviceforpeace.be\/fr\/wp-json\/wp\/v2\/comments?post=20"}],"version-history":[{"count":1,"href":"https:\/\/serviceforpeace.be\/fr\/wp-json\/wp\/v2\/pages\/20\/revisions"}],"predecessor-version":[{"id":80,"href":"https:\/\/serviceforpeace.be\/fr\/wp-json\/wp\/v2\/pages\/20\/revisions\/80"}],"wp:attachment":[{"href":"https:\/\/serviceforpeace.be\/fr\/wp-json\/wp\/v2\/media?parent=20"}],"curies":[{"name":"wp","href":"https:\/\/api.w.org\/{rel}","templated":true}]}}