{"id":115,"date":"2025-11-10T09:57:30","date_gmt":"2025-11-10T09:57:30","guid":{"rendered":"https:\/\/serviceforpeace.be\/?page_id=115"},"modified":"2025-11-12T09:18:02","modified_gmt":"2025-11-12T09:18:02","slug":"steun-het-initiatief","status":"publish","type":"page","link":"https:\/\/serviceforpeace.be\/fr\/steun-het-initiatief\/","title":{"rendered":"Soutenez cette initiative avec votre organisation"},"content":{"rendered":"<p><em>Ce formulaire est <strong>sp\u00e9cifiquement destin\u00e9 aux organisations.<\/strong><\/em><\/p>\n\n\n\t\t\t<div class=\"srfm-form-container srfm-form-container-111 srfm-bg-color\">\n\t\t\t<style>\n\t\t\t\t\/* Need to check and remove the input variables related to the Style Tab. *\/\n\t\t\t\t.srfm-form-container-111 {\n\t\t\t\t\t\/* New test variables *\/\n\t\t\t\t\t--srfm-color-scheme-primary: #111C44;\n\t\t\t\t\t--srfm-color-scheme-text-on-primary: #FFFFFF;\n\t\t\t\t\t--srfm-color-scheme-text: #1E1E1E;\n\t\t\t\t\t--srfm-quill-editor-color: #111C44;\n\n\t\t\t\t\t--srfm-color-input-label: #1E1E1E;\n\t\t\t\t\t--srfm-color-input-description: hsl( from #1E1E1E h s l \/ 0.65 );\n\t\t\t\t\t--srfm-color-input-placeholder: hsl( from #1E1E1E h s l \/ 0.5 );\n\t\t\t\t\t--srfm-color-input-text: #1E1E1E;\n\t\t\t\t\t--srfm-color-input-prefix: hsl( from #1E1E1E h s l \/ 0.65 );\n\t\t\t\t\t--srfm-color-input-background: hsl( from #1E1E1E h s l \/ 0.02 );\n\t\t\t\t\t--srfm-color-input-background-hover: hsl( from #1E1E1E h s l \/ 0.05 );\n\t\t\t\t\t--srfm-color-input-background-disabled: hsl( from #1E1E1E h s l \/ 0.07 );\n\t\t\t\t\t--srfm-color-input-border: hsl( from #1E1E1E h s l \/ 0.25 );\n\t\t\t\t\t--srfm-color-input-border-disabled: hsl( from #1E1E1E h s l \/ 0.15 );\n\t\t\t\t\t--srfm-color-multi-choice-svg: hsl( from #1E1E1E h s l \/ 0.7 );\n\t\t\t\t\t--srfm-color-input-border-hover: hsl( from #111C44 h s l \/ 0.65 );\n\t\t\t\t\t--srfm-color-input-border-focus-glow: hsl( from #111C44 h s l \/ 0.15 );\n\t\t\t\t\t--srfm-color-input-selected: hsl( from #111C44 h s l \/ 0.1 );\n\t\t\t\t\t--srfm-btn-color-hover: hsl( from #111C44 h s l \/ 0.9 );\n\t\t\t\t\t--srfm-btn-color-disabled: hsl( from #111C44 h s l \/ 0.25 );\n\n\t\t\t\t\t\/* Dropdown Variables *\/\n\t\t\t\t\t--srfm-dropdown-input-background-hover: hsl( from #1E1E1E h s l \/ 0.05 );\n\t\t\t\t\t--srfm-dropdown-option-background-hover: hsl( from #1E1E1E h s l \/ 0.10 );\n\t\t\t\t\t--srfm-dropdown-option-background-selected: hsl( from #1E1E1E h s l \/ 0.05 );\n\t\t\t\t\t--srfm-dropdown-option-selected-icon: hsl( from #1E1E1E h s l \/ 0.65 );\n\t\t\t\t\t--srfm-dropdown-option-text-color: hsl( from #1E1E1E h s l \/ 0.80 );\n\t\t\t\t\t--srfm-dropdown-option-selected-text: #1E1E1E;\n\t\t\t\t\t--srfm-dropdown-badge-background: hsl( from #1E1E1E h s l \/ 0.05 );\n\t\t\t\t\t--srfm-dropdown-badge-background-hover: hsl( from #1E1E1E h s l \/ 0.10 );\n\t\t\t\t\t--srfm-dropdown-menu-border-color: hsl( from #1E1E1E h s l \/ 0.10 );\n\t\t\t\t\t--srfm-dropdown-placeholder-color: hsl( from #1E1E1E h s l \/ 0.50 );\n\t\t\t\t\t--srfm-dropdown-icon-color: hsl( from #1E1E1E h s l \/ 0.65 );\n\t\t\t\t\t--srfm-dropdown-icon-disabled: hsl( from #1E1E1E h s l \/ 0.25 );\n\n\t\t\t\t\t\/* Background Control Variables *\/\n\t\t\t\t\t--srfm-instant-form-padding-top: 32px;--srfm-instant-form-padding-right: 32px;--srfm-instant-form-padding-bottom: 32px;--srfm-instant-form-padding-left: 32px;--srfm-instant-form-border-radius-top: 12px;--srfm-instant-form-border-radius-right: 12px;--srfm-instant-form-border-radius-bottom: 12px;--srfm-instant-form-border-radius-left: 12px;--srfm-form-padding-top: 0px;--srfm-form-padding-right: 0px;--srfm-form-padding-bottom: 0px;--srfm-form-padding-left: 0px;--srfm-form-border-radius-top: 0px;--srfm-form-border-radius-right: 0px;--srfm-form-border-radius-bottom: 0px;--srfm-form-border-radius-left: 0px;--srfm-bg-color: #ffffff;--srfm-bg-overlay-opacity: 1;\t\t\t\t\t--srfm-row-gap-between-blocks: 18px;--srfm-address-label-font-size: 16px;--srfm-address-label-line-height: 24px;--srfm-address-description-font-size: 14px;--srfm-address-description-line-height: 20px;--srfm-col-gap-between-fields: 16px;--srfm-row-gap-between-fields: 16px;--srfm-gap-below-address-label: 14px;--srfm-dropdown-font-size: 14px;--srfm-dropdown-gap-between-input-menu: 4px;--srfm-dropdown-badge-padding: 2px 6px;--srfm-dropdown-multiselect-font-size: 12px;--srfm-dropdown-multiselect-line-height: 16px;--srfm-dropdown-padding-right: 12px;--srfm-dropdown-padding-right-icon: calc( var( --srfm-dropdown-padding-right ) + 20px );--srfm-dropdown-multiselect-padding: 8px var( --srfm-dropdown-padding-right-icon ) 8px 8px;--srfm-input-height: 44px;--srfm-input-field-padding: 10px 12px;--srfm-input-field-font-size: 16px;--srfm-input-field-line-height: 24px;--srfm-input-field-margin-top: 6px;--srfm-input-field-margin-bottom: 6px;--srfm-checkbox-label-font-size: 16px;--srfm-checkbox-label-line-height: 24px;--srfm-checkbox-description-font-size: 14px;--srfm-checkbox-description-line-height: 20px;--srfm-check-ctn-width: 16px;--srfm-check-ctn-height: 16px;--srfm-check-svg-size: 10px;--srfm-checkbox-margin-top-frontend: 4px;--srfm-checkbox-margin-top-editor: 6px;--srfm-check-gap: 8px;--srfm-checkbox-description-margin-left: 24px;--srfm-flag-section-padding: 10px 0 10px 12px;--srfm-gap-between-icon-text: 8px;--srfm-label-font-size: 16px;--srfm-label-line-height: 24px;--srfm-description-font-size: 14px;--srfm-description-line-height: 20px;--srfm-btn-padding: 10px 14px;--srfm-btn-font-size: 16px;--srfm-btn-line-height: 24px;--srfm-multi-choice-horizontal-padding: 20px;--srfm-multi-choice-vertical-padding: 20px;--srfm-multi-choice-internal-option-gap: 8px;--srfm-multi-choice-vertical-svg-size: 40px;--srfm-multi-choice-horizontal-image-size: 24px;--srfm-multi-choice-vertical-image-size: 120px;--srfm-multi-choice-outer-padding: 2px;--srfm-upload-vertical-padding: 28px;--srfm-upload-inner-gap: 12px;--srfm-upload-text-line-height: 24px;--srfm-upload-file-margin-top: 16px;--srfm-upload-preview-size: 42px;--srfm-slider-label-font-size: 12px;--srfm-slider-label-line-height: 16px;--srfm-slider-label-top-padding: 8px;--srfm-slider-error-gap: 6px;--srfm-page-break-row-gap: 28px;--srfm-rating-icon-size: 28px;--srfm-rating-icon-gap: 6px;--srfm-datepicker-dropdown-input-gap: 4px;--srfm-login-row-gap: 14px;--srfm-signature-canvas-height: 140px;--srfm-signature-button-bottom: 14px;\t\t--srfm-page-break-back-btn-text-color: hsl( from #1E1E1E h s l \/ 0.80 );\n\t\t--srfm-page-break-back-btn-background: hsl( from #1E1E1E h s l \/ 0.05 );\n\t\t--srfm-page-break-unfilled-progress: hsl( from #1E1E1E h s l \/ 0.15 );\n\t\t--srfm-page-break-indicator-text-color: hsl( from #1E1E1E h s l \/ 0.50 );\n\t\t--srfm-page-break-connector-checked: hsl( from #1E1E1E h s l \/ 0.15 );\n\t\t--srfm-page-break-connector-pending: hsl( from #1E1E1E h s l \/ 0.25 );\n\t\t--srfm-page-break-connector-active: hsl( from #111C44 h s l \/ 0.50 );\n\t\t--srfm-page-break-steps-unfilled: hsl( from #1E1E1E h s l \/ 0.50 );\n\t\t--srfm-page-break-steps-filled: hsl( from #1E1E1E h s l \/ 0.25 );\n\t\t--srfm-page-break-steps-progress: hsl( from #1E1E1E h s l \/ 0.15 );\n\t\t--srfm-page-break-steps-pending-text-color: hsl( from #1E1E1E h s l \/ 0.80 );\n\t\t--srfm-password-strength-weak: #DC2626;--srfm-password-strength-weak-border-glow: hsl( from var(--srfm-password-strength-weak) h s l \/ 0.15 );--srfm-password-strength-weak-border-color: hsl( from var(--srfm-password-strength-weak) h s l \/ 0.65 );--srfm-password-strength-medium: #D97706;--srfm-password-strength-medium-border-glow: hsl( from var(--srfm-password-strength-medium) h s l \/ 0.15 );--srfm-password-strength-medium-border-color: hsl( from var(--srfm-password-strength-medium) h s l \/ 0.65 );--srfm-password-strength-strong: #16A34A;--srfm-password-strength-strong-border-glow: hsl( from var(--srfm-password-strength-strong) h s l \/ 0.15 );--srfm-password-strength-strong-border-color: hsl( from var(--srfm-password-strength-strong) h s l \/ 0.65 );\/* Import Google Fonts *\/\n@import url('https:\/\/fonts.googleapis.com\/css2?family=Rubik+Mono+One&amp;family=Chivo:wght@400;500;700&amp;display=swap');\n\n\/* Body \/ input text in Chivo *\/\n.srfm-form-container,\n.srfm-form-container input,\n.srfm-form-container textarea,\n.srfm-form-container select,\n.srfm-form-container .srfm-block .srfm-input-common {\n  font-family: 'Chivo', Helvetica, Arial, sans-serif !important;\n  font-weight: 400 !important;\n  line-height: 1.5 !important;\n}\n\n\/* Headings\/labels in Rubik Mono One at 18px *\/\n.srfm-form-container .srfm-block-heading,\n.srfm-form-container .srfm-block .srfm-block-label {\n  font-family: 'Rubik Mono One', Helvetica, Arial, sans-serif !important;\n  font-weight: normal !important;\n  font-size: 18px !important;\n  margin-top: 1em !important;\n  margin-bottom: 0.5em !important;\n}\n\n\/* Button text in Rubik Mono One likewise *\/\n.srfm-form-container button,\n.srfm-form-container input[type=\"submit\"],\n.srfm-form-container input[type=\"button\"] {\n  font-family: 'Rubik Mono One', Helvetica, Arial, sans-serif !important;\n  font-weight: normal !important;\n  font-size: 18px !important;\n  text-transform: uppercase !important;\n}\n\n\/* Responsive adjustments for mobile *\/\n@media (max-width: 767px) {\n  .srfm-form-container .srfm-block-heading,\n  .srfm-form-container .srfm-block .srfm-block-label {\n    font-size: 16px !important;\n  }\n  .srfm-form-container button,\n  .srfm-form-container input[type=\"submit\"],\n  .srfm-form-container input[type=\"button\"] {\n    font-size: 16px !important;\n  }\n}\n\t\t\t\t}\n\t\t\t<\/style>\n\t\t\t\t\t\t\t<form method=\"post\" enctype=\"multipart\/form-data\" id=\"srfm-form-111\" class=\"srfm-form\"\n\t\t\t\tform-id=\"111\" after-submission=\"hide form\" message-type=\"same page\" success-url=\"\" ajaxurl=\"https:\/\/serviceforpeace.be\/wp-admin\/admin-ajax.php\" data-submit-token=\"f8aae338c85dc6975fbb4325accc75da3d5526a1810ed21a1641cd62fb1e8d96\" action=\"\"\n\t\t\t\t>\n\t\t\t\t\n\t\t\t\t<input type=\"hidden\" value=\"111\" name=\"form-id\">\n\t\t\t\t<input type=\"hidden\" value=\"\" name=\"srfm-sender-email-field\" id=\"srfm-sender-email\">\n\t\t\t\t<input type=\"hidden\" value=\"\" id=\"srfm-page-break\">\n\t\t\t\t\t\t<p id=\"srfm-error-message\" class=\"srfm-common-error-message srfm-error-message srfm-head-error\" hidden>\t\t<span class=\"srfm-icon\" aria-hidden=\"true\">\n\t\t\t<svg xmlns='http:\/\/www.w3.org\/2000\/svg' width='20' height='20' fill='none'><path d='M9.99935 18.3327C14.6017 18.3327 18.3327 14.6017 18.3327 9.99935C18.3327 5.39698 14.6017 1.66602 9.99935 1.66602C5.39698 1.66602 1.66602 5.39698 1.66602 9.99935C1.66602 14.6017 5.39698 18.3327 9.99935 18.3327Z' stroke='currentColor' stroke-width='1.5' stroke-linecap='round' stroke-linejoin='round' \/><path d='M10 6.66602V9.99935' stroke='currentColor' stroke-width='1.5' stroke-linecap='round' stroke-linejoin='round' \/><path d='M10 13.334H10.0083' stroke='currentColor' stroke-width='1.5' stroke-linecap='round' stroke-linejoin='round' \/><\/svg>\t\t<\/span>\n\t\t<span class=\"srfm-error-content\">There was an error trying to submit your form. Please try again.<\/span><\/p>\n\t\t\t\t\t<div data-block-id=\"c7ef039a\" class=\"srfm-block-single srfm-block srfm-input-block srf-input-c7ef039a-block  srfm-block-width-100 srfm-slug-text-field\" >\n\t\t\t\t\t\t\t\t<label id=\"srfm-label-c7ef039a-lbl-TmFhbSB2YW4gZGUgb3JnYW5pc2F0aWUgLyBOb20gZCdvcmdhbmlzYXRpb24gLyBOYW1lIG9mIHRoZSBPcmdhbml6YXRpb24\" for=\"srfm-input-c7ef039a-lbl-TmFhbSB2YW4gZGUgb3JnYW5pc2F0aWUgLyBOb20gZCdvcmdhbmlzYXRpb24gLyBOYW1lIG9mIHRoZSBPcmdhbml6YXRpb24\" class=\"srfm-block-label\">\n\t\t\t\t\t\tNaam van de organisatie \/ Nom d&#8217;organisation \/ Name of the Organization\t\t\t\t\t\t\t\t\t\t\t\t\t<span class=\"srfm-required\" aria-hidden=\"true\"> *<\/span>\n\t\t\t\t\t\t\t\t\t\t\t<\/label>\n\t\t\t\t\t\t\t\t\t\t\t\t<div class=\"srfm-block-wrap\">\n\t\t\t\t<input class=\"srfm-input-common srfm-input-input\" type=\"text\" name=\"srfm-input-c7ef039a-lbl-TmFhbSB2YW4gZGUgb3JnYW5pc2F0aWUgLyBOb20gZCdvcmdhbmlzYXRpb24gLyBOYW1lIG9mIHRoZSBPcmdhbml6YXRpb24-text-field\" id=\"srfm-input-c7ef039a-lbl-TmFhbSB2YW4gZGUgb3JnYW5pc2F0aWUgLyBOb20gZCdvcmdhbmlzYXRpb24gLyBOYW1lIG9mIHRoZSBPcmdhbml6YXRpb24\"\n\t\t\t\t\taria-describedby='srfm-error-c7ef039a'\t\t\t\t\tdata-required=\"true\" aria-required=\"true\" data-unique=\"false\" maxlength=\"100\" value=\"\"  data-srfm-mask=\"none\"   \/>\n\t\t\t\t<\/div>\n\t\t\t\t<div class=\"srfm-error-wrap\">\n\t\t\t\t\t\t\t\t\t\t<div class=\"srfm-error-message\" data-srfm-id=\"srfm-error-c7ef039a\" data-error-msg=\"This field is required.\" data-unique-msg=\"Value needs to be unique.\">\n\t\t\t\t\t\tThis field is required.\t\t\t\t\t<\/div>\n\t\t\t\t\t\t\t\t\t<\/div>\n\t\t\t<\/div>\n\t\t\n\n\t\t\t<div data-block-id=\"40be7767\" class=\"srfm-block-single srfm-block srfm-input-block srf-input-40be7767-block  srfm-block-width-100 srfm-slug-voornaam-prenom-first-name\" >\n\t\t\t\t\t\t\t\t<label id=\"srfm-label-40be7767-lbl-V2F0IGRvZXQgdXcgb3JnYW5pc2F0aWUgLyBRdWUgZmFpdCB2b3RyZSBvcmdhbmlzYXRpb24gLyBXaGF0IGRvZXMgeW91ciBvcmdhbml6YXRpb24gZG8\/\" for=\"srfm-input-40be7767-lbl-V2F0IGRvZXQgdXcgb3JnYW5pc2F0aWUgLyBRdWUgZmFpdCB2b3RyZSBvcmdhbmlzYXRpb24gLyBXaGF0IGRvZXMgeW91ciBvcmdhbml6YXRpb24gZG8\/\" class=\"srfm-block-label\">\n\t\t\t\t\t\tWat doet uw organisatie \/ Que fait votre organisation \/ What does your organization do?\t\t\t\t\t\t\t\t\t\t\t\t\t<span class=\"srfm-required\" aria-hidden=\"true\"> *<\/span>\n\t\t\t\t\t\t\t\t\t\t\t<\/label>\n\t\t\t\t\t\t\t\t\t\t\t\t<div class=\"srfm-block-wrap\">\n\t\t\t\t<input class=\"srfm-input-common srfm-input-input\" type=\"text\" name=\"srfm-input-40be7767-lbl-V2F0IGRvZXQgdXcgb3JnYW5pc2F0aWUgLyBRdWUgZmFpdCB2b3RyZSBvcmdhbmlzYXRpb24gLyBXaGF0IGRvZXMgeW91ciBvcmdhbml6YXRpb24gZG8\/-voornaam-prenom-first-name\" id=\"srfm-input-40be7767-lbl-V2F0IGRvZXQgdXcgb3JnYW5pc2F0aWUgLyBRdWUgZmFpdCB2b3RyZSBvcmdhbmlzYXRpb24gLyBXaGF0IGRvZXMgeW91ciBvcmdhbml6YXRpb24gZG8\/\"\n\t\t\t\t\taria-describedby='srfm-error-40be7767'\t\t\t\t\tdata-required=\"true\" aria-required=\"true\" data-unique=\"false\" maxlength=\"100\" value=\"\"  data-srfm-mask=\"none\"   \/>\n\t\t\t\t<\/div>\n\t\t\t\t<div class=\"srfm-error-wrap\">\n\t\t\t\t\t\t\t\t\t\t<div class=\"srfm-error-message\" data-srfm-id=\"srfm-error-40be7767\" data-error-msg=\"This field is required.\" data-unique-msg=\"Value needs to be unique.\">\n\t\t\t\t\t\tThis field is required.\t\t\t\t\t<\/div>\n\t\t\t\t\t\t\t\t\t<\/div>\n\t\t\t<\/div>\n\t\t\n\n\t\t\t<div data-block-id=\"890c29ec\" class=\"srfm-block-single srfm-block srfm-email-block srf-email-890c29ec-block  srfm-block-width-100 srfm-slug-email srfm-email-block-wrap\">\n\t\t\t\t<div class=\"srfm-email-block srf-email-890c29ec-block\">\n\t\t\t\t\t\t\t\t\t\t<label id=\"srfm-label-890c29ec-lbl-RW1haWw\" for=\"srfm-email-890c29ec-lbl-RW1haWw\" class=\"srfm-block-label\">\n\t\t\t\t\t\tEmail\t\t\t\t\t\t\t\t\t\t\t\t\t<span class=\"srfm-required\" aria-hidden=\"true\"> *<\/span>\n\t\t\t\t\t\t\t\t\t\t\t<\/label>\n\t\t\t\t\t\t\t\t\t\t\t\t\t\t\t<div class=\"srfm-block-wrap\">\n\t\t\t\t\t\t<input class=\"srfm-input-common srfm-input-email\" type=\"email\" name=\"srfm-email-890c29ec-lbl-RW1haWw-email\" id=\"srfm-email-890c29ec-lbl-RW1haWw\"\n\t\t\t\t\t\taria-describedby='srfm-error-890c29ec'\t\t\t\t\t\tdata-required=\"true\" aria-required=\"true\" data-unique=\"false\" value=\"\"   \/>\n\t\t\t\t\t<\/div>\n\t\t\t\t\t<div class=\"srfm-error-wrap\">\n\t\t\t\t\t\t\t\t\t\t\t<div class=\"srfm-error-message\" data-srfm-id=\"srfm-error-890c29ec\" data-error-msg=\"This field is required.\" data-unique-msg=\"Value needs to be unique.\">\n\t\t\t\t\t\tThis field is required.\t\t\t\t\t<\/div>\n\t\t\t\t\t\t\t\t\t\t<\/div>\n\t\t\t\t<\/div>\n\t\t\t\t\t\t\t<\/div>\n\t\t\n\n\t\t<div data-block-id=\"490dde05\" class=\"srfm-block-single srfm-block srfm-url-block srfm-block-width-100\">\n\t\t\t\t\t\t\t\t<label id=\"srfm-label-490dde05-lbl-V2Vic2l0ZSAvIFNvY2lhbCBNZWRpYQ\" for=\"srfm-url-490dde05-lbl-V2Vic2l0ZSAvIFNvY2lhbCBNZWRpYQ\" class=\"srfm-block-label\">\n\t\t\t\t\t\tWebsite \/ Social Media\t\t\t\t\t\t\t\t\t\t\t\t\t<span class=\"srfm-required\" aria-hidden=\"true\"> *<\/span>\n\t\t\t\t\t\t\t\t\t\t\t<\/label>\n\t\t\t\t\t\t\t\t\t\t\t\t<div class=\"srfm-block-wrap\">\n\t\t\t\t\t<input class=\"srfm-input-common srfm-input-url\" type=\"text\" name=\"srfm-url-490dde05-lbl-V2Vic2l0ZSAvIFNvY2lhbCBNZWRpYQ-url\" id=\"srfm-url-490dde05-lbl-V2Vic2l0ZSAvIFNvY2lhbCBNZWRpYQ\"\n\t\t\t\t\taria-describedby='srfm-error-490dde05'\t\t\t\t\tdata-required=\"true\" aria-required=\"true\" value=\"\"   \/>\n\t\t\t\t<\/div>\n\t\t\t\t<div class=\"srfm-error-wrap\">\n\t\t\t\t\t\t\t\t\t\t<div class=\"srfm-error-message\" data-srfm-id=\"srfm-error-490dde05\" data-error-msg=\"This field is required.\">\n\t\t\t\t\t\tThis field is required.\t\t\t\t\t<\/div>\n\t\t\t\t\t\t\t\t\t<\/div>\n\t\t<\/div>\n\t\t\n\n\t\t<div data-block-id=\"5d773054\" class=\"srfm-block-single srfm-block srfm-phone-block srf-phone-5d773054-block srfm-block-width-100\">\n\t\t\t\t\t\t\t\t<label id=\"srfm-label-5d773054-lbl-VGVsZWZvb25udW1tZXIgLyBOdW3DqXJvIGRlIHTDqWzDqXBob25lIC8gUGhvbmUgTnVtYmVy\" for=\"srfm-phone-5d773054-lbl-VGVsZWZvb25udW1tZXIgLyBOdW3DqXJvIGRlIHTDqWzDqXBob25lIC8gUGhvbmUgTnVtYmVy\" class=\"srfm-block-label\">\n\t\t\t\t\t\tTelefoonnummer \/ Num\u00e9ro de t\u00e9l\u00e9phone \/ Phone Number\t\t\t\t\t\t\t\t\t\t\t<\/label>\n\t\t\t\t\t\t\t\t\t\t\t<div class=\"srfm-block-wrap\">\n\t\t\t\t<input type=\"tel\"\n\t\t\t\t\tclass=\"srfm-input-common srfm-input-phone\"\n\t\t\t\t\tname=\"srfm-phone-5d773054-lbl-VGVsZWZvb25udW1tZXIgLyBOdW3DqXJvIGRlIHTDqWzDqXBob25lIC8gUGhvbmUgTnVtYmVy-phone-number\"\n\t\t\t\t\tid=\"srfm-phone-5d773054-lbl-VGVsZWZvb25udW1tZXIgLyBOdW3DqXJvIGRlIHTDqWzDqXBob25lIC8gUGhvbmUgTnVtYmVy\"\n\t\t\t\t\taria-describedby='srfm-error-5d773054'\t\t\t\t\tdata-required=\"false\"\n\t\t\t\t\taria-required=\"false\"\n\t\t\t\t\tdefault-country=\"us\"\n\t\t\t\t\t\t\t\t\t\tvalue=\"\"\n\t\t\t\t\t\t\t\t\t\tdata-unique=\"false\">\n\t\t\t<\/div>\n\t\t\t<div class=\"srfm-error-wrap\">\n\t\t\t\t\t\t\t\t\t<div class=\"srfm-error-message\" data-srfm-id=\"srfm-error-5d773054\" data-error-msg=\"This field is required.\" data-unique-msg=\"Value needs to be unique.\">\n\t\t\t\t\t\tThis field is required.\t\t\t\t\t<\/div>\n\t\t\t\t\t\t\t\t<\/div>\n\t\t<\/div>\n\t\t\t\t\t\t\t\n\t\t\t\t\t\n\t\t\t\t\t<div class=\"srfm-submit-container\" style=\"\">\n\t\t\t\t\t\t<div style=\"width: ; text-align: center\" class=\"wp-block-button\">\n\t\t\t\t\t\t\t\t\t\t\t\t\t\t\t\t\t\t\t<button style=\"\" id=\"srfm-submit-btn\" class=\"srfm-btn-frontend srfm-button srfm-submit-button\"\n\t\t\t\t\t\t\t\t\t\t\t\t\t\t>\n\t\t\t\t\t\t\t\t<div class=\"srfm-submit-wrap\">\n\t\t\t\t\t\t\t\t\tVerstuur \/ Envoyer \/ Send\t\t\t\t\t\t\t\t<div class=\"srfm-loader\"><\/div>\n\t\t\t\t\t\t\t\t<\/div>\n\t\t\t\t\t\t\t<\/button>\n\t\t\t\t\t\t\t\t\t\t\t\t\t\t\t\t\t\t<\/div>\n\t\t\t\t\t<\/div>\n\t\t\t\t\t\t\t<p id=\"srfm-error-message\" class=\"srfm-common-error-message srfm-error-message srfm-footer-error\" hidden>\t\t<span class=\"srfm-icon\" aria-hidden=\"true\">\n\t\t\t<svg xmlns='http:\/\/www.w3.org\/2000\/svg' width='20' height='20' fill='none'><path d='M9.99935 18.3327C14.6017 18.3327 18.3327 14.6017 18.3327 9.99935C18.3327 5.39698 14.6017 1.66602 9.99935 1.66602C5.39698 1.66602 1.66602 5.39698 1.66602 9.99935C1.66602 14.6017 5.39698 18.3327 9.99935 18.3327Z' stroke='currentColor' stroke-width='1.5' stroke-linecap='round' stroke-linejoin='round' \/><path d='M10 6.66602V9.99935' stroke='currentColor' stroke-width='1.5' stroke-linecap='round' stroke-linejoin='round' \/><path d='M10 13.334H10.0083' stroke='currentColor' stroke-width='1.5' stroke-linecap='round' stroke-linejoin='round' \/><\/svg>\t\t<\/span>\n\t\t<span class=\"srfm-error-content\">There was an error trying to submit your form. Please try again.<\/span><\/p>\n\t\t\t\t\t<input type=\"hidden\" name=\"trp-form-language\" value=\"fr\"\/><\/form>\n\t\t\t<div class=\"srfm-single-form srfm-success-box in-page\">\n\t\t\t\t<div aria-live=\"polite\" aria-atomic=\"true\" role=\"alert\" id=\"srfm-success-message-page-111\" class=\"srfm-success-box-description\"><\/div>\n\t\t\t<\/div>\n\t\t\t\t\t\t<\/div>","protected":false},"excerpt":{"rendered":"<p>Dit formulier is specifiek voor organisaties.<\/p>","protected":false},"author":1,"featured_media":0,"parent":0,"menu_order":0,"comment_status":"closed","ping_status":"closed","template":"","meta":{"_uag_custom_page_level_css":"","footnotes":""},"class_list":["post-115","page","type-page","status-publish","hentry"],"rise-blocks_excerpt":"Dit formulier is specifiek voor organisaties.","_hostinger_reach_plugin_has_subscription_block":false,"_hostinger_reach_plugin_is_elementor":false,"spectra_custom_meta":{"_edit_lock":["1762939082:4"],"_edit_last":["4"],"_uag_css_file_name":["uag-css-115.css"],"_uag_page_assets":["a:9:{s:3:\"css\";s:260:\".uag-blocks-common-selector{z-index:var(--z-index-desktop) !important}@media(max-width: 976px){.uag-blocks-common-selector{z-index:var(--z-index-tablet) !important}}@media(max-width: 767px){.uag-blocks-common-selector{z-index:var(--z-index-mobile) !important}}\";s:2:\"js\";s:0:\"\";s:18:\"current_block_list\";a:15:{i:0;s:10:\"core\/group\";i:4;s:14:\"core\/site-logo\";i:6;s:15:\"core\/navigation\";i:9;s:15:\"core\/post-title\";i:11;s:17:\"core\/post-content\";i:14;s:17:\"core\/social-links\";i:15;s:16:\"core\/social-link\";i:16;s:12:\"core\/heading\";i:17;s:14:\"core\/paragraph\";i:18;s:9:\"srfm\/form\";i:19;s:11:\"core\/search\";i:20;s:17:\"core\/latest-posts\";i:21;s:20:\"core\/latest-comments\";i:22;s:13:\"core\/archives\";i:23;s:15:\"core\/categories\";}s:8:\"uag_flag\";b:0;s:11:\"uag_version\";s:10:\"1777627327\";s:6:\"gfonts\";a:0:{}s:10:\"gfonts_url\";s:0:\"\";s:12:\"gfonts_files\";a:0:{}s:14:\"uag_faq_layout\";b:0;}"]},"uagb_featured_image_src":{"full":false,"thumbnail":false,"medium":false,"medium_large":false,"large":false,"1536x1536":false,"2048x2048":false,"trp-custom-language-flag":false},"uagb_author_info":{"display_name":"elias@minimalisticmarketing.com","author_link":"https:\/\/serviceforpeace.be\/fr\/author\/eliasminimalisticmarketing-com\/"},"uagb_comment_info":0,"uagb_excerpt":"Dit formulier is specifiek voor organisaties.","_links":{"self":[{"href":"https:\/\/serviceforpeace.be\/fr\/wp-json\/wp\/v2\/pages\/115","targetHints":{"allow":["GET"]}}],"collection":[{"href":"https:\/\/serviceforpeace.be\/fr\/wp-json\/wp\/v2\/pages"}],"about":[{"href":"https:\/\/serviceforpeace.be\/fr\/wp-json\/wp\/v2\/types\/page"}],"author":[{"embeddable":true,"href":"https:\/\/serviceforpeace.be\/fr\/wp-json\/wp\/v2\/users\/1"}],"replies":[{"embeddable":true,"href":"https:\/\/serviceforpeace.be\/fr\/wp-json\/wp\/v2\/comments?post=115"}],"version-history":[{"count":3,"href":"https:\/\/serviceforpeace.be\/fr\/wp-json\/wp\/v2\/pages\/115\/revisions"}],"predecessor-version":[{"id":123,"href":"https:\/\/serviceforpeace.be\/fr\/wp-json\/wp\/v2\/pages\/115\/revisions\/123"}],"wp:attachment":[{"href":"https:\/\/serviceforpeace.be\/fr\/wp-json\/wp\/v2\/media?parent=115"}],"curies":[{"name":"wp","href":"https:\/\/api.w.org\/{rel}","templated":true}]}}